{"id":74,"date":"2023-08-01T20:39:16","date_gmt":"2023-08-01T20:39:16","guid":{"rendered":"https:\/\/creatuidea.mx\/promocionales\/?page_id=74"},"modified":"2023-09-06T10:26:42","modified_gmt":"2023-09-06T16:26:42","slug":"crea_tu_dtf","status":"publish","type":"page","link":"https:\/\/creatuidea.mx\/promocionales\/crea_tu_dtf\/","title":{"rendered":"Crea t\u00fa DTF"},"content":{"rendered":"\t\t<div data-elementor-type=\"wp-page\" data-elementor-id=\"74\" class=\"elementor elementor-74\" data-elementor-post-type=\"page\">\n\t\t\t\t<div class=\"elementor-element elementor-element-f42bcc1 e-flex e-con-boxed e-con e-parent\" data-id=\"f42bcc1\" data-element_type=\"container\">\n\t\t\t\t\t<div class=\"e-con-inner\">\n\t\t\t\t<div class=\"elementor-element elementor-element-ea9abc0 elementor-hidden-desktop elementor-widget elementor-widget-spacer\" data-id=\"ea9abc0\" data-element_type=\"widget\" data-widget_type=\"spacer.default\">\n\t\t\t\t<div class=\"elementor-widget-container\">\n\t\t\t\t\t\t\t<div class=\"elementor-spacer\">\n\t\t\t<div class=\"elementor-spacer-inner\"><\/div>\n\t\t<\/div>\n\t\t\t\t\t\t<\/div>\n\t\t\t\t<\/div>\n\t\t\t\t<div class=\"elementor-element elementor-element-8726db3 elementor-hidden-tablet elementor-hidden-mobile elementor-widget elementor-widget-image\" data-id=\"8726db3\" data-element_type=\"widget\" data-widget_type=\"image.default\">\n\t\t\t\t<div class=\"elementor-widget-container\">\n\t\t\t\t\t\t\t\t\t\t\t\t\t\t\t<img fetchpriority=\"high\" decoding=\"async\" width=\"400\" height=\"400\" src=\"https:\/\/creatuidea.mx\/promocionales\/wp-content\/uploads\/2023\/08\/logo-crea-tu-dtf-transparent-400px.png\" class=\"attachment-medium_large size-medium_large wp-image-177\" alt=\"Producci\u00f3n de art\u00edculos promocionales y playeras personalizadas en DTF\" srcset=\"https:\/\/creatuidea.mx\/promocionales\/wp-content\/uploads\/2023\/08\/logo-crea-tu-dtf-transparent-400px.png 400w, https:\/\/creatuidea.mx\/promocionales\/wp-content\/uploads\/2023\/08\/logo-crea-tu-dtf-transparent-400px-300x300.png 300w, https:\/\/creatuidea.mx\/promocionales\/wp-content\/uploads\/2023\/08\/logo-crea-tu-dtf-transparent-400px-150x150.png 150w\" sizes=\"(max-width: 400px) 100vw, 400px\" \/>\t\t\t\t\t\t\t\t\t\t\t\t\t\t\t<\/div>\n\t\t\t\t<\/div>\n\t\t\t\t<div class=\"elementor-element elementor-element-396d5aa elementor-widget elementor-widget-text-editor\" data-id=\"396d5aa\" data-element_type=\"widget\" data-widget_type=\"text-editor.default\">\n\t\t\t\t<div class=\"elementor-widget-container\">\n\t\t\t\t\t\t\t\t\t<h2><strong>Impresi\u00f3n DTF<\/strong><\/h2>\t\t\t\t\t\t\t\t<\/div>\n\t\t\t\t<\/div>\n\t\t\t\t<div class=\"elementor-element elementor-element-e7d81d9 elementor-widget elementor-widget-text-editor\" data-id=\"e7d81d9\" data-element_type=\"widget\" data-widget_type=\"text-editor.default\">\n\t\t\t\t<div class=\"elementor-widget-container\">\n\t\t\t\t\t\t\t\t\t<h6>La impresi\u00f3n DTF es un proceso de impresi\u00f3n digital innovador que permite transferir im\u00e1genes directamente desde una pel\u00edcula especial a una variedad de superficies, como textiles, papel y otros materiales. A diferencia de otros m\u00e9todos, la impresi\u00f3n DTF omite la necesidad de transferir la tinta primero a un sustrato intermediario, lo que resulta en una alta calidad de impresi\u00f3n y la capacidad de plasmar dise\u00f1os detallados y vibrantes. Tras la impresi\u00f3n en la pel\u00edcula, esta se adhiere a la superficie mediante calor y presi\u00f3n, fijando la tinta de manera permanente.<\/h6><h6>Este tipo de impresi\u00f3n puede aplicarse con la mayor calidad tanto a textiles como a superficies de muchos otros materiales para la producci\u00f3n de playeras y prendas personalizadas y promocionales.<\/h6>\t\t\t\t\t\t\t\t<\/div>\n\t\t\t\t<\/div>\n\t\t\t\t<div class=\"elementor-element elementor-element-3d43fd6 elementor-align-center elementor-widget elementor-widget-button\" data-id=\"3d43fd6\" data-element_type=\"widget\" data-widget_type=\"button.default\">\n\t\t\t\t<div class=\"elementor-widget-container\">\n\t\t\t\t\t\t\t\t\t<div class=\"elementor-button-wrapper\">\n\t\t\t\t\t<a class=\"elementor-button elementor-button-link elementor-size-md\" href=\"https:\/\/wa.me\/525529994759\" target=\"_blank\">\n\t\t\t\t\t\t<span class=\"elementor-button-content-wrapper\">\n\t\t\t\t\t\t<span class=\"elementor-button-icon\">\n\t\t\t\t<i aria-hidden=\"true\" class=\"fab fa-whatsapp\"><\/i>\t\t\t<\/span>\n\t\t\t\t\t\t\t\t\t<span class=\"elementor-button-text\">Env\u00eda mensaje por WhatsApp<\/span>\n\t\t\t\t\t<\/span>\n\t\t\t\t\t<\/a>\n\t\t\t\t<\/div>\n\t\t\t\t\t\t\t\t<\/div>\n\t\t\t\t<\/div>\n\t\t\t\t\t<\/div>\n\t\t\t\t<\/div>\n\t\t<div class=\"elementor-element elementor-element-edf017f e-flex e-con-boxed e-con e-parent\" data-id=\"edf017f\" data-element_type=\"container\">\n\t\t\t\t\t<div class=\"e-con-inner\">\n\t\t\t\t<div class=\"elementor-element elementor-element-73cd11f elementor-widget__width-inherit elementor-widget elementor-widget-gallery\" data-id=\"73cd11f\" data-element_type=\"widget\" data-settings=\"{&quot;gallery_layout&quot;:&quot;masonry&quot;,&quot;columns_mobile&quot;:3,&quot;lazyload&quot;:&quot;yes&quot;,&quot;columns&quot;:4,&quot;columns_tablet&quot;:2,&quot;gap&quot;:{&quot;unit&quot;:&quot;px&quot;,&quot;size&quot;:10,&quot;sizes&quot;:[]},&quot;gap_tablet&quot;:{&quot;unit&quot;:&quot;px&quot;,&quot;size&quot;:10,&quot;sizes&quot;:[]},&quot;gap_mobile&quot;:{&quot;unit&quot;:&quot;px&quot;,&quot;size&quot;:10,&quot;sizes&quot;:[]},&quot;link_to&quot;:&quot;file&quot;,&quot;overlay_background&quot;:&quot;yes&quot;,&quot;content_hover_animation&quot;:&quot;fade-in&quot;}\" data-widget_type=\"gallery.default\">\n\t\t\t\t<div class=\"elementor-widget-container\">\n\t\t\t\t\t\t\t<div class=\"elementor-gallery__container\">\n\t\t\t\t\t\t\t<a class=\"e-gallery-item elementor-gallery-item elementor-animated-content\" href=\"https:\/\/creatuidea.mx\/promocionales\/wp-content\/uploads\/2023\/08\/IMG-20230803-WA0002-jpg.webp\" data-elementor-open-lightbox=\"yes\" data-elementor-lightbox-slideshow=\"73cd11f\" data-elementor-lightbox-title=\"IMG-20230803-WA0002\" data-e-action-hash=\"#elementor-action%3Aaction%3Dlightbox%26settings%3DeyJpZCI6Nzg0LCJ1cmwiOiJodHRwczpcL1wvY3JlYXR1aWRlYS5teFwvcHJvbW9jaW9uYWxlc1wvd3AtY29udGVudFwvdXBsb2Fkc1wvMjAyM1wvMDhcL0lNRy0yMDIzMDgwMy1XQTAwMDItanBnLndlYnAiLCJzbGlkZXNob3ciOiI3M2NkMTFmIn0%3D\">\n\t\t\t\t\t<div class=\"e-gallery-image elementor-gallery-item__image\" data-thumbnail=\"https:\/\/creatuidea.mx\/promocionales\/wp-content\/uploads\/2023\/08\/IMG-20230803-WA0002-768x432.webp\" data-width=\"768\" data-height=\"432\" aria-label=\"Producci\u00f3n de DTF por metro. Para textiles o promocionales.\" role=\"img\" ><\/div>\n\t\t\t\t\t\t\t\t\t\t\t<div class=\"elementor-gallery-item__overlay\"><\/div>\n\t\t\t\t\t\t\t\t\t\t\t\t\t\t<\/a>\n\t\t\t\t\t\t\t<a class=\"e-gallery-item elementor-gallery-item elementor-animated-content\" href=\"https:\/\/creatuidea.mx\/promocionales\/wp-content\/uploads\/2023\/08\/IMG-20230803-WA0009-jpg.webp\" data-elementor-open-lightbox=\"yes\" data-elementor-lightbox-slideshow=\"73cd11f\" data-elementor-lightbox-title=\"IMG-20230803-WA0009\" data-e-action-hash=\"#elementor-action%3Aaction%3Dlightbox%26settings%3DeyJpZCI6NzkxLCJ1cmwiOiJodHRwczpcL1wvY3JlYXR1aWRlYS5teFwvcHJvbW9jaW9uYWxlc1wvd3AtY29udGVudFwvdXBsb2Fkc1wvMjAyM1wvMDhcL0lNRy0yMDIzMDgwMy1XQTAwMDktanBnLndlYnAiLCJzbGlkZXNob3ciOiI3M2NkMTFmIn0%3D\">\n\t\t\t\t\t<div class=\"e-gallery-image elementor-gallery-item__image\" data-thumbnail=\"https:\/\/creatuidea.mx\/promocionales\/wp-content\/uploads\/2023\/08\/IMG-20230803-WA0009-768x432.webp\" data-width=\"768\" data-height=\"432\" aria-label=\"Visitanos en Crea T\u00fa Idea. Av Convento de Santa M\u00f3nica #116\" role=\"img\" ><\/div>\n\t\t\t\t\t\t\t\t\t\t\t<div class=\"elementor-gallery-item__overlay\"><\/div>\n\t\t\t\t\t\t\t\t\t\t\t\t\t\t<\/a>\n\t\t\t\t\t\t\t<a class=\"e-gallery-item elementor-gallery-item elementor-animated-content\" href=\"https:\/\/creatuidea.mx\/promocionales\/wp-content\/uploads\/2023\/08\/IMG-20230803-WA0008-jpg.webp\" data-elementor-open-lightbox=\"yes\" data-elementor-lightbox-slideshow=\"73cd11f\" data-elementor-lightbox-title=\"IMG-20230803-WA0008\" data-e-action-hash=\"#elementor-action%3Aaction%3Dlightbox%26settings%3DeyJpZCI6NzkwLCJ1cmwiOiJodHRwczpcL1wvY3JlYXR1aWRlYS5teFwvcHJvbW9jaW9uYWxlc1wvd3AtY29udGVudFwvdXBsb2Fkc1wvMjAyM1wvMDhcL0lNRy0yMDIzMDgwMy1XQTAwMDgtanBnLndlYnAiLCJzbGlkZXNob3ciOiI3M2NkMTFmIn0%3D\">\n\t\t\t\t\t<div class=\"e-gallery-image elementor-gallery-item__image\" data-thumbnail=\"https:\/\/creatuidea.mx\/promocionales\/wp-content\/uploads\/2023\/08\/IMG-20230803-WA0008-768x432.webp\" data-width=\"768\" data-height=\"432\" aria-label=\"Visitanos en Crea T\u00fa Idea. Av Convento de Santa M\u00f3nica #116\" role=\"img\" ><\/div>\n\t\t\t\t\t\t\t\t\t\t\t<div class=\"elementor-gallery-item__overlay\"><\/div>\n\t\t\t\t\t\t\t\t\t\t\t\t\t\t<\/a>\n\t\t\t\t\t\t\t<a class=\"e-gallery-item elementor-gallery-item elementor-animated-content\" href=\"https:\/\/creatuidea.mx\/promocionales\/wp-content\/uploads\/2023\/08\/IMG-20230803-WA0004-jpg.webp\" data-elementor-open-lightbox=\"yes\" data-elementor-lightbox-slideshow=\"73cd11f\" data-elementor-lightbox-title=\"IMG-20230803-WA0004\" data-e-action-hash=\"#elementor-action%3Aaction%3Dlightbox%26settings%3DeyJpZCI6Nzg2LCJ1cmwiOiJodHRwczpcL1wvY3JlYXR1aWRlYS5teFwvcHJvbW9jaW9uYWxlc1wvd3AtY29udGVudFwvdXBsb2Fkc1wvMjAyM1wvMDhcL0lNRy0yMDIzMDgwMy1XQTAwMDQtanBnLndlYnAiLCJzbGlkZXNob3ciOiI3M2NkMTFmIn0%3D\">\n\t\t\t\t\t<div class=\"e-gallery-image elementor-gallery-item__image\" data-thumbnail=\"https:\/\/creatuidea.mx\/promocionales\/wp-content\/uploads\/2023\/08\/IMG-20230803-WA0004-768x1365.webp\" data-width=\"768\" data-height=\"1365\" aria-label=\"Producci\u00f3n de DTF por metro. Para textiles o promocionales.\" role=\"img\" ><\/div>\n\t\t\t\t\t\t\t\t\t\t\t<div class=\"elementor-gallery-item__overlay\"><\/div>\n\t\t\t\t\t\t\t\t\t\t\t\t\t\t<\/a>\n\t\t\t\t\t\t\t<a class=\"e-gallery-item elementor-gallery-item elementor-animated-content\" href=\"https:\/\/creatuidea.mx\/promocionales\/wp-content\/uploads\/2023\/08\/IMG-20230803-WA0006-jpg.webp\" data-elementor-open-lightbox=\"yes\" data-elementor-lightbox-slideshow=\"73cd11f\" data-elementor-lightbox-title=\"IMG-20230803-WA0006\" data-e-action-hash=\"#elementor-action%3Aaction%3Dlightbox%26settings%3DeyJpZCI6Nzg4LCJ1cmwiOiJodHRwczpcL1wvY3JlYXR1aWRlYS5teFwvcHJvbW9jaW9uYWxlc1wvd3AtY29udGVudFwvdXBsb2Fkc1wvMjAyM1wvMDhcL0lNRy0yMDIzMDgwMy1XQTAwMDYtanBnLndlYnAiLCJzbGlkZXNob3ciOiI3M2NkMTFmIn0%3D\">\n\t\t\t\t\t<div class=\"e-gallery-image elementor-gallery-item__image\" data-thumbnail=\"https:\/\/creatuidea.mx\/promocionales\/wp-content\/uploads\/2023\/08\/IMG-20230803-WA0006-768x1365.webp\" data-width=\"768\" data-height=\"1365\" aria-label=\"Producci\u00f3n de DTF por metro. Para textiles o promocionales.\" role=\"img\" ><\/div>\n\t\t\t\t\t\t\t\t\t\t\t<div class=\"elementor-gallery-item__overlay\"><\/div>\n\t\t\t\t\t\t\t\t\t\t\t\t\t\t<\/a>\n\t\t\t\t\t\t\t<a class=\"e-gallery-item elementor-gallery-item elementor-animated-content\" href=\"https:\/\/creatuidea.mx\/promocionales\/wp-content\/uploads\/2023\/08\/IMG-20230803-WA0010-jpg.webp\" data-elementor-open-lightbox=\"yes\" data-elementor-lightbox-slideshow=\"73cd11f\" data-elementor-lightbox-title=\"IMG-20230803-WA0010\" data-e-action-hash=\"#elementor-action%3Aaction%3Dlightbox%26settings%3DeyJpZCI6NzkyLCJ1cmwiOiJodHRwczpcL1wvY3JlYXR1aWRlYS5teFwvcHJvbW9jaW9uYWxlc1wvd3AtY29udGVudFwvdXBsb2Fkc1wvMjAyM1wvMDhcL0lNRy0yMDIzMDgwMy1XQTAwMTAtanBnLndlYnAiLCJzbGlkZXNob3ciOiI3M2NkMTFmIn0%3D\">\n\t\t\t\t\t<div class=\"e-gallery-image elementor-gallery-item__image\" data-thumbnail=\"https:\/\/creatuidea.mx\/promocionales\/wp-content\/uploads\/2023\/08\/IMG-20230803-WA0010-768x432.webp\" data-width=\"768\" data-height=\"432\" aria-label=\"Visitanos en Crea T\u00fa Idea. Av Convento de Santa M\u00f3nica #116\" role=\"img\" ><\/div>\n\t\t\t\t\t\t\t\t\t\t\t<div class=\"elementor-gallery-item__overlay\"><\/div>\n\t\t\t\t\t\t\t\t\t\t\t\t\t\t<\/a>\n\t\t\t\t\t\t\t<a class=\"e-gallery-item elementor-gallery-item elementor-animated-content\" href=\"https:\/\/creatuidea.mx\/promocionales\/wp-content\/uploads\/2023\/08\/IMG-20230803-WA0003-jpg.webp\" data-elementor-open-lightbox=\"yes\" data-elementor-lightbox-slideshow=\"73cd11f\" data-elementor-lightbox-title=\"IMG-20230803-WA0003\" data-e-action-hash=\"#elementor-action%3Aaction%3Dlightbox%26settings%3DeyJpZCI6Nzg1LCJ1cmwiOiJodHRwczpcL1wvY3JlYXR1aWRlYS5teFwvcHJvbW9jaW9uYWxlc1wvd3AtY29udGVudFwvdXBsb2Fkc1wvMjAyM1wvMDhcL0lNRy0yMDIzMDgwMy1XQTAwMDMtanBnLndlYnAiLCJzbGlkZXNob3ciOiI3M2NkMTFmIn0%3D\">\n\t\t\t\t\t<div class=\"e-gallery-image elementor-gallery-item__image\" data-thumbnail=\"https:\/\/creatuidea.mx\/promocionales\/wp-content\/uploads\/2023\/08\/IMG-20230803-WA0003-768x432.webp\" data-width=\"768\" data-height=\"432\" aria-label=\"Producci\u00f3n de DTF por metro. Para textiles o promocionales.\" role=\"img\" ><\/div>\n\t\t\t\t\t\t\t\t\t\t\t<div class=\"elementor-gallery-item__overlay\"><\/div>\n\t\t\t\t\t\t\t\t\t\t\t\t\t\t<\/a>\n\t\t\t\t\t\t\t<a class=\"e-gallery-item elementor-gallery-item elementor-animated-content\" href=\"https:\/\/creatuidea.mx\/promocionales\/wp-content\/uploads\/2023\/08\/IMG-20230803-WA0005-jpg.webp\" data-elementor-open-lightbox=\"yes\" data-elementor-lightbox-slideshow=\"73cd11f\" data-elementor-lightbox-title=\"IMG-20230803-WA0005\" data-e-action-hash=\"#elementor-action%3Aaction%3Dlightbox%26settings%3DeyJpZCI6Nzg3LCJ1cmwiOiJodHRwczpcL1wvY3JlYXR1aWRlYS5teFwvcHJvbW9jaW9uYWxlc1wvd3AtY29udGVudFwvdXBsb2Fkc1wvMjAyM1wvMDhcL0lNRy0yMDIzMDgwMy1XQTAwMDUtanBnLndlYnAiLCJzbGlkZXNob3ciOiI3M2NkMTFmIn0%3D\">\n\t\t\t\t\t<div class=\"e-gallery-image elementor-gallery-item__image\" data-thumbnail=\"https:\/\/creatuidea.mx\/promocionales\/wp-content\/uploads\/2023\/08\/IMG-20230803-WA0005-768x432.webp\" data-width=\"768\" data-height=\"432\" aria-label=\"Producci\u00f3n de DTF por metro. Para textiles o promocionales.\" role=\"img\" ><\/div>\n\t\t\t\t\t\t\t\t\t\t\t<div class=\"elementor-gallery-item__overlay\"><\/div>\n\t\t\t\t\t\t\t\t\t\t\t\t\t\t<\/a>\n\t\t\t\t\t\t\t<a class=\"e-gallery-item elementor-gallery-item elementor-animated-content\" href=\"https:\/\/creatuidea.mx\/promocionales\/wp-content\/uploads\/2023\/08\/IMG-20230803-WA0007-jpg.webp\" data-elementor-open-lightbox=\"yes\" data-elementor-lightbox-slideshow=\"73cd11f\" data-elementor-lightbox-title=\"IMG-20230803-WA0007\" data-e-action-hash=\"#elementor-action%3Aaction%3Dlightbox%26settings%3DeyJpZCI6Nzg5LCJ1cmwiOiJodHRwczpcL1wvY3JlYXR1aWRlYS5teFwvcHJvbW9jaW9uYWxlc1wvd3AtY29udGVudFwvdXBsb2Fkc1wvMjAyM1wvMDhcL0lNRy0yMDIzMDgwMy1XQTAwMDctanBnLndlYnAiLCJzbGlkZXNob3ciOiI3M2NkMTFmIn0%3D\">\n\t\t\t\t\t<div class=\"e-gallery-image elementor-gallery-item__image\" data-thumbnail=\"https:\/\/creatuidea.mx\/promocionales\/wp-content\/uploads\/2023\/08\/IMG-20230803-WA0007-768x432.webp\" data-width=\"768\" data-height=\"432\" aria-label=\"Producci\u00f3n de DTF por metro. Para textiles o promocionales.\" role=\"img\" ><\/div>\n\t\t\t\t\t\t\t\t\t\t\t<div class=\"elementor-gallery-item__overlay\"><\/div>\n\t\t\t\t\t\t\t\t\t\t\t\t\t\t<\/a>\n\t\t\t\t\t<\/div>\n\t\t\t\t\t<\/div>\n\t\t\t\t<\/div>\n\t\t\t\t\t<\/div>\n\t\t\t\t<\/div>\n\t\t\t\t<\/div>\n\t\t","protected":false},"excerpt":{"rendered":"<p>Producci\u00f3n de playeras personalizadas y promocionales<\/p>\n","protected":false},"author":1,"featured_media":0,"parent":0,"menu_order":0,"comment_status":"closed","ping_status":"closed","template":"elementor_header_footer","meta":{"footnotes":""},"class_list":["post-74","page","type-page","status-publish","hentry"],"yoast_head":"<!-- This site is optimized with the Yoast SEO plugin v25.7 - https:\/\/yoast.com\/wordpress\/plugins\/seo\/ -->\n<title>Personaliza tus playeras con nuestra impresi\u00f3n DTF - Crea tu DTF<\/title>\n<meta name=\"description\" content=\"Entra al mundo del DTF y mira la gran variedad y calidad que tenemos para impresion en tela. Personaliza tus playeras o cualquier otra prenda.\" \/>\n<meta name=\"robots\" content=\"index, follow, max-snippet:-1, max-image-preview:large, max-video-preview:-1\" \/>\n<link rel=\"canonical\" href=\"https:\/\/creatuidea.mx\/promocionales\/crea_tu_dtf\/\" \/>\n<meta property=\"og:locale\" content=\"es_MX\" \/>\n<meta property=\"og:type\" content=\"article\" \/>\n<meta property=\"og:title\" content=\"Personaliza tus playeras con nuestra impresi\u00f3n DTF - Crea tu DTF\" \/>\n<meta property=\"og:description\" content=\"Entra al mundo del DTF y mira la gran variedad y calidad que tenemos para impresion en tela. Personaliza tus playeras o cualquier otra prenda.\" \/>\n<meta property=\"og:url\" content=\"https:\/\/creatuidea.mx\/promocionales\/crea_tu_dtf\/\" \/>\n<meta property=\"og:site_name\" content=\"Crea t&uacute; idea\" \/>\n<meta property=\"article:modified_time\" content=\"2023-09-06T16:26:42+00:00\" \/>\n<meta property=\"og:image\" content=\"https:\/\/creatuidea.mx\/promocionales\/wp-content\/uploads\/2023\/08\/logo-crea-tu-dtf-transparent-400px.png\" \/>\n<meta name=\"twitter:card\" content=\"summary_large_image\" \/>\n<meta name=\"twitter:label1\" content=\"Tiempo de lectura\" \/>\n\t<meta name=\"twitter:data1\" content=\"1 minuto\" \/>\n<script type=\"application\/ld+json\" class=\"yoast-schema-graph\">{\"@context\":\"https:\/\/schema.org\",\"@graph\":[{\"@type\":\"WebPage\",\"@id\":\"https:\/\/creatuidea.mx\/promocionales\/crea_tu_dtf\/\",\"url\":\"https:\/\/creatuidea.mx\/promocionales\/crea_tu_dtf\/\",\"name\":\"Personaliza tus playeras con nuestra impresi\u00f3n DTF - Crea tu DTF\",\"isPartOf\":{\"@id\":\"https:\/\/creatuidea.mx\/promocionales\/#website\"},\"primaryImageOfPage\":{\"@id\":\"https:\/\/creatuidea.mx\/promocionales\/crea_tu_dtf\/#primaryimage\"},\"image\":{\"@id\":\"https:\/\/creatuidea.mx\/promocionales\/crea_tu_dtf\/#primaryimage\"},\"thumbnailUrl\":\"https:\/\/creatuidea.mx\/promocionales\/wp-content\/uploads\/2023\/08\/logo-crea-tu-dtf-transparent-400px.png\",\"datePublished\":\"2023-08-01T20:39:16+00:00\",\"dateModified\":\"2023-09-06T16:26:42+00:00\",\"description\":\"Entra al mundo del DTF y mira la gran variedad y calidad que tenemos para impresion en tela. Personaliza tus playeras o cualquier otra prenda.\",\"breadcrumb\":{\"@id\":\"https:\/\/creatuidea.mx\/promocionales\/crea_tu_dtf\/#breadcrumb\"},\"inLanguage\":\"es\",\"potentialAction\":[{\"@type\":\"ReadAction\",\"target\":[\"https:\/\/creatuidea.mx\/promocionales\/crea_tu_dtf\/\"]}]},{\"@type\":\"ImageObject\",\"inLanguage\":\"es\",\"@id\":\"https:\/\/creatuidea.mx\/promocionales\/crea_tu_dtf\/#primaryimage\",\"url\":\"https:\/\/creatuidea.mx\/promocionales\/wp-content\/uploads\/2023\/08\/logo-crea-tu-dtf-transparent-400px.png\",\"contentUrl\":\"https:\/\/creatuidea.mx\/promocionales\/wp-content\/uploads\/2023\/08\/logo-crea-tu-dtf-transparent-400px.png\",\"width\":400,\"height\":400,\"caption\":\"Producci\u00f3n de art\u00edculos promocionales y playeras personalizadas en DTF\"},{\"@type\":\"BreadcrumbList\",\"@id\":\"https:\/\/creatuidea.mx\/promocionales\/crea_tu_dtf\/#breadcrumb\",\"itemListElement\":[{\"@type\":\"ListItem\",\"position\":1,\"name\":\"Home\",\"item\":\"https:\/\/creatuidea.mx\/promocionales\/\"},{\"@type\":\"ListItem\",\"position\":2,\"name\":\"Crea t\u00fa DTF\"}]},{\"@type\":\"WebSite\",\"@id\":\"https:\/\/creatuidea.mx\/promocionales\/#website\",\"url\":\"https:\/\/creatuidea.mx\/promocionales\/\",\"name\":\"Crea tu idea\",\"description\":\"Creatividad + Ejecuci&oacute;n = Crea T&uacute; Idea\",\"publisher\":{\"@id\":\"https:\/\/creatuidea.mx\/promocionales\/#organization\"},\"inLanguage\":\"es\"},{\"@type\":\"Organization\",\"@id\":\"https:\/\/creatuidea.mx\/promocionales\/#organization\",\"name\":\"Crea tu idea\",\"url\":\"https:\/\/creatuidea.mx\/promocionales\/\",\"logo\":{\"@type\":\"ImageObject\",\"inLanguage\":\"es\",\"@id\":\"https:\/\/creatuidea.mx\/promocionales\/#\/schema\/logo\/image\/\",\"url\":\"https:\/\/creatuidea.mx\/promocionales\/wp-content\/uploads\/2023\/08\/cropped-original-logo-shapes.png\",\"contentUrl\":\"https:\/\/creatuidea.mx\/promocionales\/wp-content\/uploads\/2023\/08\/cropped-original-logo-shapes.png\",\"width\":399,\"height\":400,\"caption\":\"Crea tu idea\"},\"image\":{\"@id\":\"https:\/\/creatuidea.mx\/promocionales\/#\/schema\/logo\/image\/\"}}]}<\/script>\n<!-- \/ Yoast SEO plugin. -->","yoast_head_json":{"title":"Personaliza tus playeras con nuestra impresi\u00f3n DTF - Crea tu DTF","description":"Entra al mundo del DTF y mira la gran variedad y calidad que tenemos para impresion en tela. Personaliza tus playeras o cualquier otra prenda.","robots":{"index":"index","follow":"follow","max-snippet":"max-snippet:-1","max-image-preview":"max-image-preview:large","max-video-preview":"max-video-preview:-1"},"canonical":"https:\/\/creatuidea.mx\/promocionales\/crea_tu_dtf\/","og_locale":"es_MX","og_type":"article","og_title":"Personaliza tus playeras con nuestra impresi\u00f3n DTF - Crea tu DTF","og_description":"Entra al mundo del DTF y mira la gran variedad y calidad que tenemos para impresion en tela. Personaliza tus playeras o cualquier otra prenda.","og_url":"https:\/\/creatuidea.mx\/promocionales\/crea_tu_dtf\/","og_site_name":"Crea t&uacute; idea","article_modified_time":"2023-09-06T16:26:42+00:00","og_image":[{"url":"https:\/\/creatuidea.mx\/promocionales\/wp-content\/uploads\/2023\/08\/logo-crea-tu-dtf-transparent-400px.png","type":"","width":"","height":""}],"twitter_card":"summary_large_image","twitter_misc":{"Tiempo de lectura":"1 minuto"},"schema":{"@context":"https:\/\/schema.org","@graph":[{"@type":"WebPage","@id":"https:\/\/creatuidea.mx\/promocionales\/crea_tu_dtf\/","url":"https:\/\/creatuidea.mx\/promocionales\/crea_tu_dtf\/","name":"Personaliza tus playeras con nuestra impresi\u00f3n DTF - Crea tu DTF","isPartOf":{"@id":"https:\/\/creatuidea.mx\/promocionales\/#website"},"primaryImageOfPage":{"@id":"https:\/\/creatuidea.mx\/promocionales\/crea_tu_dtf\/#primaryimage"},"image":{"@id":"https:\/\/creatuidea.mx\/promocionales\/crea_tu_dtf\/#primaryimage"},"thumbnailUrl":"https:\/\/creatuidea.mx\/promocionales\/wp-content\/uploads\/2023\/08\/logo-crea-tu-dtf-transparent-400px.png","datePublished":"2023-08-01T20:39:16+00:00","dateModified":"2023-09-06T16:26:42+00:00","description":"Entra al mundo del DTF y mira la gran variedad y calidad que tenemos para impresion en tela. Personaliza tus playeras o cualquier otra prenda.","breadcrumb":{"@id":"https:\/\/creatuidea.mx\/promocionales\/crea_tu_dtf\/#breadcrumb"},"inLanguage":"es","potentialAction":[{"@type":"ReadAction","target":["https:\/\/creatuidea.mx\/promocionales\/crea_tu_dtf\/"]}]},{"@type":"ImageObject","inLanguage":"es","@id":"https:\/\/creatuidea.mx\/promocionales\/crea_tu_dtf\/#primaryimage","url":"https:\/\/creatuidea.mx\/promocionales\/wp-content\/uploads\/2023\/08\/logo-crea-tu-dtf-transparent-400px.png","contentUrl":"https:\/\/creatuidea.mx\/promocionales\/wp-content\/uploads\/2023\/08\/logo-crea-tu-dtf-transparent-400px.png","width":400,"height":400,"caption":"Producci\u00f3n de art\u00edculos promocionales y playeras personalizadas en DTF"},{"@type":"BreadcrumbList","@id":"https:\/\/creatuidea.mx\/promocionales\/crea_tu_dtf\/#breadcrumb","itemListElement":[{"@type":"ListItem","position":1,"name":"Home","item":"https:\/\/creatuidea.mx\/promocionales\/"},{"@type":"ListItem","position":2,"name":"Crea t\u00fa DTF"}]},{"@type":"WebSite","@id":"https:\/\/creatuidea.mx\/promocionales\/#website","url":"https:\/\/creatuidea.mx\/promocionales\/","name":"Crea tu idea","description":"Creatividad + Ejecuci&oacute;n = Crea T&uacute; Idea","publisher":{"@id":"https:\/\/creatuidea.mx\/promocionales\/#organization"},"inLanguage":"es"},{"@type":"Organization","@id":"https:\/\/creatuidea.mx\/promocionales\/#organization","name":"Crea tu idea","url":"https:\/\/creatuidea.mx\/promocionales\/","logo":{"@type":"ImageObject","inLanguage":"es","@id":"https:\/\/creatuidea.mx\/promocionales\/#\/schema\/logo\/image\/","url":"https:\/\/creatuidea.mx\/promocionales\/wp-content\/uploads\/2023\/08\/cropped-original-logo-shapes.png","contentUrl":"https:\/\/creatuidea.mx\/promocionales\/wp-content\/uploads\/2023\/08\/cropped-original-logo-shapes.png","width":399,"height":400,"caption":"Crea tu idea"},"image":{"@id":"https:\/\/creatuidea.mx\/promocionales\/#\/schema\/logo\/image\/"}}]}},"_links":{"self":[{"href":"https:\/\/creatuidea.mx\/promocionales\/wp-json\/wp\/v2\/pages\/74","targetHints":{"allow":["GET"]}}],"collection":[{"href":"https:\/\/creatuidea.mx\/promocionales\/wp-json\/wp\/v2\/pages"}],"about":[{"href":"https:\/\/creatuidea.mx\/promocionales\/wp-json\/wp\/v2\/types\/page"}],"author":[{"embeddable":true,"href":"https:\/\/creatuidea.mx\/promocionales\/wp-json\/wp\/v2\/users\/1"}],"replies":[{"embeddable":true,"href":"https:\/\/creatuidea.mx\/promocionales\/wp-json\/wp\/v2\/comments?post=74"}],"version-history":[{"count":0,"href":"https:\/\/creatuidea.mx\/promocionales\/wp-json\/wp\/v2\/pages\/74\/revisions"}],"wp:attachment":[{"href":"https:\/\/creatuidea.mx\/promocionales\/wp-json\/wp\/v2\/media?parent=74"}],"curies":[{"name":"wp","href":"https:\/\/api.w.org\/{rel}","templated":true}]}}